{"id":306,"date":"2026-01-12T19:03:09","date_gmt":"2026-01-12T18:03:09","guid":{"rendered":"https:\/\/lriedl.hak-digital.at\/?page_id=306"},"modified":"2026-01-15T22:37:54","modified_gmt":"2026-01-15T21:37:54","slug":"rezepte","status":"publish","type":"page","link":"https:\/\/lriedl.hak-digital.at\/?page_id=306","title":{"rendered":"Ern\u00e4hrung"},"content":{"rendered":"\n<p>Beginnen wir einmal ganz einfach indem ich euch versuche das versteckte SUPERFOOD n\u00e4herzubringen<\/p>\n\n\n\n<p>Mit SUPERFOOD meint man Lebensmittel die viele Vitamine, Mineralstoffe, Antioxidantien, gesunde Fette oder sekund\u00e4re Pflanzenstoffe beinhalten. <\/p>\n\n\n\n<p class=\"has-large-font-size\" style=\"font-style:normal;font-weight:700\">Was sind Antioxidantien ?<\/p>\n\n\n\n<p><strong>Antioxidantien<\/strong> sind Stoffe, die den K\u00f6rper vor sch\u00e4dlichen Molek\u00fclen sch\u00fctzen, den sogenannten <strong>freien Radikalen<\/strong>.<\/p>\n\n\n\n<p>Diese befinden sich in Lebensmitteln wie: <\/p>\n\n\n\n<p>Heidelbeeren, Rotkohl, N\u00fcssen, Schokolade (mind 70%), &#8230;<\/p>\n\n\n\n<p class=\"has-large-font-size\" style=\"font-style:normal;font-weight:700\">was sind sekund\u00e4re Pflanzenstoffe ? <\/p>\n\n\n\n<p>Sie gelten nicht zu den essentiellen N\u00e4hrstoffen sind aber gut f\u00fcr unsere Gesundheit da sie das Immunsysthem st\u00e4rken, entz\u00fcndungshemmend und auch antioxidativ sind. <\/p>\n\n\n\n<p>Diese befinden sich in Lebensmitteln wie: <\/p>\n\n\n\n<p>Karotten, Spargel, H\u00fclsenfr\u00fcchte, Melonen, &#8230;<\/p>\n\n\n\n<div style=\"height:18px\" aria-hidden=\"true\" class=\"wp-block-spacer\"><\/div>\n\n\n\n<p class=\"has-large-font-size\" style=\"font-style:normal;font-weight:700\">Meine Alltagshelfer: <\/p>\n\n\n\n<div class=\"wp-block-columns is-layout-flex wp-container-core-columns-is-layout-28f84493 wp-block-columns-is-layout-flex\">\n<div class=\"wp-block-column is-layout-flow wp-block-column-is-layout-flow\">\n<p class=\"has-accent-4-background-color has-background\">Viele K\u00e4mpfen mit dem Problem von st\u00e4ndigem Hunger oder essen aus Langeweile. Au\u00dferdem redet man oft davon dass man vorallem im kalorien Defizit nicht Satt wird. Hier rechts seht ihr eines meiner liebsten Fr\u00fchst\u00fccke die euch wirklich satt halten und nur 384 Kalorien <\/p>\n<\/div>\n\n\n\n<div class=\"wp-block-column is-layout-flow wp-block-column-is-layout-flow\">\n<figure class=\"wp-block-image size-full\"><img loading=\"lazy\" decoding=\"async\" width=\"600\" height=\"800\" src=\"http:\/\/lriedl.hak-digital.at\/wp-content\/uploads\/2026\/01\/Image-41kleiner-rotated.jpg\" alt=\"\" class=\"wp-image-397\" srcset=\"https:\/\/lriedl.hak-digital.at\/wp-content\/uploads\/2026\/01\/Image-41kleiner-rotated.jpg 600w, https:\/\/lriedl.hak-digital.at\/wp-content\/uploads\/2026\/01\/Image-41kleiner-225x300.jpg 225w\" sizes=\"auto, (max-width: 600px) 100vw, 600px\" \/><\/figure>\n<\/div>\n<\/div>\n\n\n\n<div class=\"wp-block-columns is-layout-flex wp-container-core-columns-is-layout-28f84493 wp-block-columns-is-layout-flex\">\n<div class=\"wp-block-column is-layout-flow wp-block-column-is-layout-flow\">\n<figure class=\"wp-block-image size-full\"><img loading=\"lazy\" decoding=\"async\" width=\"600\" height=\"800\" src=\"https:\/\/lriedl.hak-digital.at\/wp-content\/uploads\/2026\/01\/Image-40-1.jpg\" alt=\"\" class=\"wp-image-403\" style=\"aspect-ratio:0.7500097530527055\" srcset=\"https:\/\/lriedl.hak-digital.at\/wp-content\/uploads\/2026\/01\/Image-40-1.jpg 600w, https:\/\/lriedl.hak-digital.at\/wp-content\/uploads\/2026\/01\/Image-40-1-225x300.jpg 225w\" sizes=\"auto, (max-width: 600px) 100vw, 600px\" \/><\/figure>\n<\/div>\n\n\n\n<div class=\"wp-block-column is-layout-flow wp-block-column-is-layout-flow\">\n<p>Meine Feta Gnocchi: <\/p>\n\n\n\n<p>Ein bisschen Kalorienreicher aber perfekt um vor allem vegetarisch zu kochen. Oder einfach nur mehr Gem\u00fcse in seine Mahlzeiten einzubauen. Das tolle ist das man es gestalten kann je nachdem was einem schmeckt!<\/p>\n\n\n\n<p>Kleiner Tipp von mir meine liebste Mischung besteht aus: <\/p>\n\n\n\n<p>Gnocchi (logischerweise), Feta, Shrimps, Broccoli, Zucchini, Paprika, Tomaten und Spinat<\/p>\n<\/div>\n<\/div>\n\n\n\n<div class=\"wp-block-columns is-layout-flex wp-container-core-columns-is-layout-28f84493 wp-block-columns-is-layout-flex\">\n<div class=\"wp-block-column is-layout-flow wp-block-column-is-layout-flow\">\n<p class=\"has-accent-4-background-color has-background\">Couscous mit Gem\u00fcse: wieder ein tolles Gericht um viel Gem\u00fcse einzubauen. und vor allem l\u00e4sst sich das prima kalorienarm gestalten!<\/p>\n<\/div>\n\n\n\n<div class=\"wp-block-column is-layout-flow wp-block-column-is-layout-flow\">\n<figure class=\"wp-block-image size-full\"><img loading=\"lazy\" decoding=\"async\" width=\"600\" height=\"800\" src=\"https:\/\/lriedl.hak-digital.at\/wp-content\/uploads\/2026\/01\/Image-47kleiner-2-rotated.jpg\" alt=\"\" class=\"wp-image-405\" srcset=\"https:\/\/lriedl.hak-digital.at\/wp-content\/uploads\/2026\/01\/Image-47kleiner-2-rotated.jpg 600w, https:\/\/lriedl.hak-digital.at\/wp-content\/uploads\/2026\/01\/Image-47kleiner-2-225x300.jpg 225w\" sizes=\"auto, (max-width: 600px) 100vw, 600px\" \/><\/figure>\n<\/div>\n<\/div>\n\n\n\n<p style=\"font-style:normal;font-weight:700\">Bei weiteren Fragen: <\/p>\n\n\n\n<div class=\"wp-block-buttons is-layout-flex wp-block-buttons-is-layout-flex\">\n<div class=\"wp-block-button\"><a class=\"wp-block-button__link wp-element-button\" href=\"https:\/\/lriedl.hak-digital.at\/?page_id=369\">Kontaktinformationen<\/a><\/div>\n<\/div>\n\n\n\n<p><\/p>\n","protected":false},"excerpt":{"rendered":"<p>Beginnen wir einmal ganz einfach indem ich euch versuche das versteckte SUPERFOOD n\u00e4herzubringen Mit SUPERFOOD meint man Lebensmittel die viele Vitamine, Mineralstoffe, Antioxidantien, gesunde Fette oder sekund\u00e4re Pflanzenstoffe beinhalten. Was sind Antioxidantien ? Antioxidantien sind Stoffe, die den K\u00f6rper vor sch\u00e4dlichen Molek\u00fclen sch\u00fctzen, den sogenannten freien Radikalen. Diese befinden sich in Lebensmitteln wie: Heidelbeeren, Rotkohl, [&hellip;]<\/p>\n","protected":false},"author":1,"featured_media":0,"parent":0,"menu_order":0,"comment_status":"closed","ping_status":"closed","template":"","meta":{"footnotes":""},"class_list":["post-306","page","type-page","status-publish","hentry"],"_links":{"self":[{"href":"https:\/\/lriedl.hak-digital.at\/index.php?rest_route=\/wp\/v2\/pages\/306","targetHints":{"allow":["GET"]}}],"collection":[{"href":"https:\/\/lriedl.hak-digital.at\/index.php?rest_route=\/wp\/v2\/pages"}],"about":[{"href":"https:\/\/lriedl.hak-digital.at\/index.php?rest_route=\/wp\/v2\/types\/page"}],"author":[{"embeddable":true,"href":"https:\/\/lriedl.hak-digital.at\/index.php?rest_route=\/wp\/v2\/users\/1"}],"replies":[{"embeddable":true,"href":"https:\/\/lriedl.hak-digital.at\/index.php?rest_route=%2Fwp%2Fv2%2Fcomments&post=306"}],"version-history":[{"count":13,"href":"https:\/\/lriedl.hak-digital.at\/index.php?rest_route=\/wp\/v2\/pages\/306\/revisions"}],"predecessor-version":[{"id":409,"href":"https:\/\/lriedl.hak-digital.at\/index.php?rest_route=\/wp\/v2\/pages\/306\/revisions\/409"}],"wp:attachment":[{"href":"https:\/\/lriedl.hak-digital.at\/index.php?rest_route=%2Fwp%2Fv2%2Fmedia&parent=306"}],"curies":[{"name":"wp","href":"https:\/\/api.w.org\/{rel}","templated":true}]}}