{"id":302,"date":"2026-01-09T21:16:52","date_gmt":"2026-01-09T20:16:52","guid":{"rendered":"https:\/\/lriedl.hak-digital.at\/?page_id=302"},"modified":"2026-01-16T17:33:57","modified_gmt":"2026-01-16T16:33:57","slug":"datenschutz","status":"publish","type":"page","link":"https:\/\/lriedl.hak-digital.at\/?page_id=302","title":{"rendered":"Datenschutz"},"content":{"rendered":"\n<p class=\"has-accent-4-background-color has-background\"><strong>Externe Links:<\/strong><br>Ich habe Links zu anderen Seiten im Internet gelegt. Ich weisen darauf hin, dass ich  keinerlei Einfluss auf die Gestaltung und Inhalte der gelinkten Seiten habe. Deshalb distanziere ich mich ausdr\u00fccklich von allen Inhalten der gelinkten Seiten auf meiner Homepage.<\/p>\n\n\n\n<p><strong>Haftung:<\/strong><br>Die in www.lriedl.hak-digital.at ver\u00f6ffentlichten Inhalte sind mit gr\u00f6\u00dfter Sorgfalt recherchiert, die technischen Services bestm\u00f6glich programmiert. Dennoch kann ich keine Gew\u00e4hr f\u00fcr die vollst\u00e4ndige Richtigkeit \u00fcbernehmen. Alle Angaben erfolgen ohne Gew\u00e4hr. Eine Haftung f\u00fcr Sch\u00e4den, die sich aus der Verwendung der in  www.lriedl.hak-digital.at  ver\u00f6ffentlichten Inhalte oder Services ergeben, ist ausgeschlossen.<\/p>\n\n\n\n<p class=\"has-accent-4-background-color has-background\"><strong>Urheberrecht:<\/strong><br>Layout und Gestaltung sowie Logos und Fotos sind urheberrechtlich gesch\u00fctzt. Gleiches gilt f\u00fcr die redaktionellen Beitr\u00e4ge im Einzelnen sowie ihre Auswahl und Zusammenstellung. Ver\u00e4nderungen daran d\u00fcrfen nicht vorgenommen werden. Eine \u00f6ffentliche Verwendung des Angebots darf nur mit unserer Zustimmung erfolgen.<\/p>\n\n\n\n<p class=\"has-contrast-color has-text-color has-link-color wp-elements-63e38c96c6e3c9f356dde1fb348eaa4a\"><strong>Datenschutz:<\/strong><br>Der Schutz Ihrer pers\u00f6nlichen Daten ist uns wichtig. Ihre Daten werden vertraulich behandelt und ausschlie\u00dflich im Rahmen der geltenden Datenschutzgesetze verwendet. Eine Weitergabe an Dritte erfolgt nicht ohne Ihre ausdr\u00fcckliche Zustimmung. Weitere Informationen zum Umgang mit Ihren Daten erhalten Sie auf Anfrage.<\/p>\n\n\n\n<p class=\"has-accent-4-background-color has-background\" style=\"font-style:normal;font-weight:700\">Meine Bildquellen: <\/p>\n\n\n\n<p>Auf der Startseite <\/p>\n\n\n\n<p class=\"has-accent-4-background-color has-background\">Titelbild Ern\u00e4hrung: Foto von <a href=\"https:\/\/unsplash.com\/de\/@chantalgarnier?utm_source=unsplash&amp;utm_medium=referral&amp;utm_content=creditCopyText\">Chantal Garnier<\/a> auf <a href=\"https:\/\/unsplash.com\/de\/fotos\/vielfalt-an-gemuse-910GanwBoew?utm_source=unsplash&amp;utm_medium=referral&amp;utm_content=creditCopyText\">Unsplash<\/a>, Titelbild Mindset: Foto von <a href=\"https:\/\/unsplash.com\/de\/@stbuccia?utm_source=unsplash&amp;utm_medium=referral&amp;utm_content=creditCopyText\">Stefano Bucciarelli<\/a> auf <a href=\"https:\/\/unsplash.com\/de\/fotos\/nahaufnahme-einer-roten-blume-59HOF9zHKNs?utm_source=unsplash&amp;utm_medium=referral&amp;utm_content=creditCopyText\">Unsplash<\/a>, Titelbild Bewegung: Foto von <a href=\"https:\/\/unsplash.com\/de\/@hvcoleman91?utm_source=unsplash&amp;utm_medium=referral&amp;utm_content=creditCopyText\">Hannah Coleman<\/a> auf <a href=\"https:\/\/unsplash.com\/de\/fotos\/ein-mann-der-an-einem-sonnigen-tag-uber-ein-feld-lauft-UFs5bKHgo4U?utm_source=unsplash&amp;utm_medium=referral&amp;utm_content=creditCopyText\">Unsplash<\/a>, gro\u00dfes HauptbildFoto von <a href=\"https:\/\/unsplash.com\/de\/@majksner?utm_source=unsplash&amp;utm_medium=referral&amp;utm_content=creditCopyText\">Nikola Majksner<\/a> auf <a href=\"https:\/\/unsplash.com\/de\/fotos\/fliessendes-wasser-mppuJZUzhI0?utm_source=unsplash&amp;utm_medium=referral&amp;utm_content=creditCopyText\">Unsplash<\/a>, Foto von <a href=\"https:\/\/unsplash.com\/de\/@vincefleming?utm_source=unsplash&amp;utm_medium=referral&amp;utm_content=creditCopyText\">Vince Fleming<\/a> auf <a href=\"https:\/\/unsplash.com\/de\/fotos\/frauen-spielen-volleyball-auf-dem-platz-aZVpxRydiJk?utm_source=unsplash&amp;utm_medium=referral&amp;utm_content=creditCopyText\">Unsplash<\/a>, Foto von <a href=\"https:\/\/unsplash.com\/de\/@impulsq?utm_source=unsplash&amp;utm_medium=referral&amp;utm_content=creditCopyText\">Online Marketing<\/a> auf <a href=\"https:\/\/unsplash.com\/de\/fotos\/arzt-mit-rotem-stethoskop-hIgeoQjS_iE?utm_source=unsplash&amp;utm_medium=referral&amp;utm_content=creditCopyText\">Unsplash<\/a><\/p>\n\n\n\n<p>Verwendete Fotos im Video: <\/p>\n\n\n\n<p class=\"has-accent-4-background-color has-background\">Video von &lt;a href=&#8220;https:\/\/pixabay.com\/de\/users\/afzaal0001-41501333\/?utm_source=link-attribution&amp;utm_medium=referral&amp;utm_campaign=video&amp;utm_content=197190&#8243;>Muhammad Afzaal&lt;\/a> \/ &lt;a href=&#8220;https:\/\/pixabay.com\/de\/\/?utm_source=link-attribution&amp;utm_medium=referral&amp;utm_campaign=video&amp;utm_content=197190&#8243;>Pixabay&lt;\/a>, Video von &lt;a href=&#8220;https:\/\/pixabay.com\/de\/users\/pana68-33188895\/?utm_source=link-attribution&amp;utm_medium=referral&amp;utm_campaign=video&amp;utm_content=200157&#8243;>Rupert&lt;\/a> \/ &lt;a href=&#8220;https:\/\/pixabay.com\/de\/\/?utm_source=link-attribution&amp;utm_medium=referral&amp;utm_campaign=video&amp;utm_content=200157&#8243;>Pixabay&lt;\/a>, Video von &lt;a href=&#8220;https:\/\/pixabay.com\/de\/users\/engin_akyurt-3656355\/?utm_source=link-attribution&amp;utm_medium=referral&amp;utm_campaign=video&amp;utm_content=24999&#8243;>Engin Akyurt&lt;\/a> \/ &lt;a href=&#8220;https:\/\/pixabay.com\/de\/\/?utm_source=link-attribution&amp;utm_medium=referral&amp;utm_campaign=video&amp;utm_content=24999&#8243;>Pixabay&lt;\/a>, Video von &lt;a href=&#8220;https:\/\/pixabay.com\/de\/users\/nova2000-12431852\/?utm_source=link-attribution&amp;utm_medium=referral&amp;utm_campaign=video&amp;utm_content=143486&#8243;>Bernard&lt;\/a> \/ &lt;a href=&#8220;https:\/\/pixabay.com\/de\/\/?utm_source=link-attribution&amp;utm_medium=referral&amp;utm_campaign=video&amp;utm_content=143486&#8243;>Pixabay&lt;\/a> Video von &lt;a href=&#8220;https:\/\/pixabay.com\/de\/users\/engin_akyurt-3656355\/?utm_source=link-attribution&amp;utm_medium=referral&amp;utm_campaign=video&amp;utm_content=38221&#8243;>Engin Akyurt&lt;\/a> \/ &lt;a href=&#8220;https:\/\/pixabay.com\/de\/\/?utm_source=link-attribution&amp;utm_medium=referral&amp;utm_campaign=video&amp;utm_content=38221&#8243;>Pixabay&lt;\/a>, Video von &lt;a href=&#8220;https:\/\/pixabay.com\/de\/users\/flutie8211-17475707\/?utm_source=link-attribution&amp;utm_medium=referral&amp;utm_campaign=video&amp;utm_content=312856&#8243;>Vicki Hamilton&lt;\/a> \/ &lt;a href=&#8220;https:\/\/pixabay.com\/de\/\/?utm_source=link-attribution&amp;utm_medium=referral&amp;utm_campaign=video&amp;utm_content=312856&#8243;>Pixabay&lt;\/a>, Video von &lt;a href=&#8220;https:\/\/pixabay.com\/de\/users\/oliver_gr-21840953\/?utm_source=link-attribution&amp;utm_medium=referral&amp;utm_campaign=video&amp;utm_content=84006&#8243;>Oliver Garc\u00eda&lt;\/a> \/ &lt;a href=&#8220;https:\/\/pixabay.com\/de\/\/?utm_source=link-attribution&amp;utm_medium=referral&amp;utm_campaign=video&amp;utm_content=84006&#8243;>Pixabay&lt;\/a>, Video von &lt;a href=&#8220;https:\/\/pixabay.com\/de\/users\/tiagolevi351-8606130\/?utm_source=link-attribution&amp;utm_medium=referral&amp;utm_campaign=video&amp;utm_content=206173&#8243;>Tiago Levi&lt;\/a> \/ &lt;a href=&#8220;https:\/\/pixabay.com\/de\/\/?utm_source=link-attribution&amp;utm_medium=referral&amp;utm_campaign=video&amp;utm_content=206173&#8243;>Pixabay&lt;\/a>, Video von &lt;a href=&#8220;https:\/\/pixabay.com\/de\/users\/matthias_groeneveld-4535957\/?utm_source=link-attribution&amp;utm_medium=referral&amp;utm_campaign=video&amp;utm_content=27444&#8243;>Matthias Groeneveld&lt;\/a> \/ &lt;a href=&#8220;https:\/\/pixabay.com\/de\/\/?utm_source=link-attribution&amp;utm_medium=referral&amp;utm_campaign=video&amp;utm_content=27444&#8243;>Pixabay&lt;\/a>, Video von &lt;a href=&#8220;https:\/\/pixabay.com\/de\/users\/coverr-free-footage-1281706\/?utm_source=link-attribution&amp;utm_medium=referral&amp;utm_campaign=video&amp;utm_content=1049&#8243;>Coverr-Free-Footage&lt;\/a> \/ &lt;a href=&#8220;https:\/\/pixabay.com\/de\/\/?utm_source=link-attribution&amp;utm_medium=referral&amp;utm_campaign=video&amp;utm_content=1049&#8243;>Pixabay&lt;\/a>, Video von &lt;a href=&#8220;https:\/\/pixabay.com\/de\/users\/chuduyen215-13161249\/?utm_source=link-attribution&amp;utm_medium=referral&amp;utm_campaign=video&amp;utm_content=27087&#8243;>duy\u00ean chu th\u1ecb thanh&lt;\/a> \/ &lt;a href=&#8220;https:\/\/pixabay.com\/de\/\/?utm_source=link-attribution&amp;utm_medium=referral&amp;utm_campaign=video&amp;utm_content=27087&#8243;>Pixabay&lt;\/a>, Video von &lt;a href=&#8220;https:\/\/pixabay.com\/de\/users\/hassas_arts-12571684\/?utm_source=link-attribution&amp;utm_medium=referral&amp;utm_campaign=video&amp;utm_content=57693&#8243;>Hassas Arts&lt;\/a> \/ &lt;a href=&#8220;https:\/\/pixabay.com\/de\/\/?utm_source=link-attribution&amp;utm_medium=referral&amp;utm_campaign=video&amp;utm_content=57693&#8243;>Pixabay&lt;\/a><\/p>\n\n\n\n<div style=\"height:55px\" aria-hidden=\"true\" class=\"wp-block-spacer\"><\/div>\n","protected":false},"excerpt":{"rendered":"<p>Externe Links:Ich habe Links zu anderen Seiten im Internet gelegt. Ich weisen darauf hin, dass ich keinerlei Einfluss auf die Gestaltung und Inhalte der gelinkten Seiten habe. Deshalb distanziere ich mich ausdr\u00fccklich von allen Inhalten der gelinkten Seiten auf meiner Homepage. Haftung:Die in www.lriedl.hak-digital.at ver\u00f6ffentlichten Inhalte sind mit gr\u00f6\u00dfter Sorgfalt recherchiert, die technischen Services bestm\u00f6glich [&hellip;]<\/p>\n","protected":false},"author":1,"featured_media":0,"parent":0,"menu_order":0,"comment_status":"closed","ping_status":"closed","template":"","meta":{"footnotes":""},"class_list":["post-302","page","type-page","status-publish","hentry"],"_links":{"self":[{"href":"https:\/\/lriedl.hak-digital.at\/index.php?rest_route=\/wp\/v2\/pages\/302","targetHints":{"allow":["GET"]}}],"collection":[{"href":"https:\/\/lriedl.hak-digital.at\/index.php?rest_route=\/wp\/v2\/pages"}],"about":[{"href":"https:\/\/lriedl.hak-digital.at\/index.php?rest_route=\/wp\/v2\/types\/page"}],"author":[{"embeddable":true,"href":"https:\/\/lriedl.hak-digital.at\/index.php?rest_route=\/wp\/v2\/users\/1"}],"replies":[{"embeddable":true,"href":"https:\/\/lriedl.hak-digital.at\/index.php?rest_route=%2Fwp%2Fv2%2Fcomments&post=302"}],"version-history":[{"count":13,"href":"https:\/\/lriedl.hak-digital.at\/index.php?rest_route=\/wp\/v2\/pages\/302\/revisions"}],"predecessor-version":[{"id":430,"href":"https:\/\/lriedl.hak-digital.at\/index.php?rest_route=\/wp\/v2\/pages\/302\/revisions\/430"}],"wp:attachment":[{"href":"https:\/\/lriedl.hak-digital.at\/index.php?rest_route=%2Fwp%2Fv2%2Fmedia&parent=302"}],"curies":[{"name":"wp","href":"https:\/\/api.w.org\/{rel}","templated":true}]}}