{"id":299,"date":"2026-01-09T21:14:56","date_gmt":"2026-01-09T20:14:56","guid":{"rendered":"https:\/\/lriedl.hak-digital.at\/?page_id=299"},"modified":"2026-01-13T14:16:11","modified_gmt":"2026-01-13T13:16:11","slug":"impressum","status":"publish","type":"page","link":"https:\/\/lriedl.hak-digital.at\/?page_id=299","title":{"rendered":"Impressum \/ Offenlegung"},"content":{"rendered":"\n<p class=\"has-accent-4-background-color has-background\"><strong>Impressum \/ Offenlegung gem\u00e4\u00df \u00a7 5 ECG und \u00a7 25 MedienG Medieninhaber &amp; Diensteanbieter (Schule):<\/strong> <\/p>\n\n\n\n<div class=\"wp-block-columns is-layout-flex wp-container-core-columns-is-layout-28f84493 wp-block-columns-is-layout-flex\">\n<div class=\"wp-block-column is-layout-flow wp-block-column-is-layout-flow\">\n<p>Bundeshandelsakademie Korneuburg\u00a0<\/p>\n\n\n\n<p>Bankmannring 1 <\/p>\n<\/div>\n\n\n\n<div class=\"wp-block-column is-layout-flow wp-block-column-is-layout-flow\">\n<figure class=\"wp-block-image size-large\"><img loading=\"lazy\" decoding=\"async\" width=\"1024\" height=\"142\" src=\"http:\/\/lriedl.hak-digital.at\/wp-content\/uploads\/2026\/01\/homepage_logo_head-1024x142.png\" alt=\"\" class=\"wp-image-347\" srcset=\"https:\/\/lriedl.hak-digital.at\/wp-content\/uploads\/2026\/01\/homepage_logo_head-1024x142.png 1024w, https:\/\/lriedl.hak-digital.at\/wp-content\/uploads\/2026\/01\/homepage_logo_head-300x41.png 300w, https:\/\/lriedl.hak-digital.at\/wp-content\/uploads\/2026\/01\/homepage_logo_head-768x106.png 768w, https:\/\/lriedl.hak-digital.at\/wp-content\/uploads\/2026\/01\/homepage_logo_head-1536x212.png 1536w, https:\/\/lriedl.hak-digital.at\/wp-content\/uploads\/2026\/01\/homepage_logo_head.png 1540w\" sizes=\"auto, (max-width: 1024px) 100vw, 1024px\" \/><\/figure>\n<\/div>\n<\/div>\n\n\n\n<p>2100 Korneuburg <\/p>\n\n\n\n<p class=\"has-accent-4-background-color has-background\"><strong>Kontakt:<\/strong> <\/p>\n\n\n\n<p class=\"has-contrast-color has-text-color has-link-color wp-elements-02aecbfd52cbf90256fd1ba1f6feecd0\">Telefon: <a href=\"tel:+432262721500\">02262 721 50- 002262 721 50- 0<\/a><\/p>\n\n\n\n<p>E-Mail: \u00a0hak.korneuburg[at]noeschule.at<\/p>\n\n\n\n<p class=\"has-accent-4-background-color has-background\"><strong>Schulerhalter : <\/strong><\/p>\n\n\n\n<p>Stadtgemeinde Korneuburg <\/p>\n\n\n\n<p>Hauptplatz 39<\/p>\n\n\n\n<p>2100 Korneuburg<\/p>\n\n\n\n<p class=\"has-accent-4-background-color has-background\"><strong>Unternehmensgegenstand:<\/strong><\/p>\n\n\n\n<p>Betrieb einer \u00f6ffentlichen Bildungseinrichtung. Erkl\u00e4rung zum Inhalt (\u00a7 25 Abs 5 MedienG): Die Website dient ausschlie\u00dflich als \u00dcbungsseite im Rahmen des Unterrichts im Fach Wirtschaftsinformatik der 4BK und verfolgt keine kommerziellen Zwecke. Die Inhalte stellen keine offizielle Berichterstattung oder Meinung der Schule dar und sind nicht zur Beeinflussung der \u00f6ffentlichen Meinung bestimmt. Verantwortlich f\u00fcr den Inhalt und die technische Betreuung (p\u00e4dagogisch): Prof. Elias Erber <\/p>\n\n\n\n<p><\/p>\n","protected":false},"excerpt":{"rendered":"<p>Impressum \/ Offenlegung gem\u00e4\u00df \u00a7 5 ECG und \u00a7 25 MedienG Medieninhaber &amp; Diensteanbieter (Schule): Bundeshandelsakademie Korneuburg\u00a0 Bankmannring 1 2100 Korneuburg Kontakt: Telefon: 02262 721 50- 002262 721 50- 0 E-Mail: \u00a0hak.korneuburg[at]noeschule.at Schulerhalter : Stadtgemeinde Korneuburg Hauptplatz 39 2100 Korneuburg Unternehmensgegenstand: Betrieb einer \u00f6ffentlichen Bildungseinrichtung. Erkl\u00e4rung zum Inhalt (\u00a7 25 Abs 5 MedienG): Die Website [&hellip;]<\/p>\n","protected":false},"author":1,"featured_media":0,"parent":0,"menu_order":0,"comment_status":"closed","ping_status":"closed","template":"","meta":{"footnotes":""},"class_list":["post-299","page","type-page","status-publish","hentry"],"_links":{"self":[{"href":"https:\/\/lriedl.hak-digital.at\/index.php?rest_route=\/wp\/v2\/pages\/299","targetHints":{"allow":["GET"]}}],"collection":[{"href":"https:\/\/lriedl.hak-digital.at\/index.php?rest_route=\/wp\/v2\/pages"}],"about":[{"href":"https:\/\/lriedl.hak-digital.at\/index.php?rest_route=\/wp\/v2\/types\/page"}],"author":[{"embeddable":true,"href":"https:\/\/lriedl.hak-digital.at\/index.php?rest_route=\/wp\/v2\/users\/1"}],"replies":[{"embeddable":true,"href":"https:\/\/lriedl.hak-digital.at\/index.php?rest_route=%2Fwp%2Fv2%2Fcomments&post=299"}],"version-history":[{"count":12,"href":"https:\/\/lriedl.hak-digital.at\/index.php?rest_route=\/wp\/v2\/pages\/299\/revisions"}],"predecessor-version":[{"id":351,"href":"https:\/\/lriedl.hak-digital.at\/index.php?rest_route=\/wp\/v2\/pages\/299\/revisions\/351"}],"wp:attachment":[{"href":"https:\/\/lriedl.hak-digital.at\/index.php?rest_route=%2Fwp%2Fv2%2Fmedia&parent=299"}],"curies":[{"name":"wp","href":"https:\/\/api.w.org\/{rel}","templated":true}]}}